{"id":351,"date":"2014-02-03T20:03:16","date_gmt":"2014-02-03T18:03:16","guid":{"rendered":"http:\/\/pgbsosyalizm.org\/yenicms\/?page_id=351"},"modified":"2014-07-09T00:11:34","modified_gmt":"2014-07-08T22:11:34","slug":"sinif-bilinci-arsivi","status":"publish","type":"page","link":"https:\/\/pgbsosyalizm.org\/?page_id=351","title":{"rendered":"S\u0131n\u0131f Bilinci Ar\u015fivi"},"content":{"rendered":"<p>&nbsp;<\/p>\n<table>\n<tbody>\n<tr>\n<td><\/td>\n<td>\n<p style=\"text-align: right;\"><strong><span style=\"color: #999999;\">Ama i\u015f\u00e7iler kendi nihai zaferlerine en b\u00fcy\u00fck katk\u0131y\u0131 kendileri yapmak zorundad\u0131rlar: kendi s\u0131n\u0131f \u00e7\u0131karlar\u0131n\u0131 \u00f6\u011frenmekle, kendi ba\u011f\u0131ms\u0131z politik tav\u0131rlar\u0131n\u0131 hi\u00e7 gecikmeksizin benimsemekle, demokratik k\u00fc\u00e7\u00fck burjuvazinin ikiy\u00fczl\u00fc c\u00fcmlelerine kanmaktan ka\u00e7\u0131narak proletaryan\u0131n ba\u011f\u0131ms\u0131z olarak \u00f6rg\u00fctlenmi\u015f partisinin gereklili\u011finden bir an bile ku\u015fku duymamakla. Sava\u015f naralar\u0131 \u015fu olmal\u0131d\u0131r: S\u00fcrekli devrim!<\/span><\/strong><\/p>\n<p style=\"text-align: right;\"><strong><span style=\"color: #999999;\">Karl Marx<\/span><\/strong><\/p>\n<p style=\"text-align: right;\"><strong><span style=\"color: #999999;\">(Mart 1850)<\/span><\/strong><\/p>\n<p>&nbsp;<\/td>\n<\/tr>\n<tr>\n<td><\/td>\n<td>\n<hr \/>\n<p>&nbsp;<\/p>\n<p>&nbsp;<\/td>\n<\/tr>\n<tr>\n<td>\n<div id=\"attachment_756\" style=\"width: 290px\" class=\"wp-caption alignleft\"><a href=\"https:\/\/pgbsosyalizm.org\/yenicms\/wp-content\/uploads\/2014\/06\/23-24bahar-yaz-1999.jpg\"><img loading=\"lazy\" decoding=\"async\" aria-describedby=\"caption-attachment-756\" class=\"wp-image-756\" src=\"https:\/\/pgbsosyalizm.org\/yenicms\/wp-content\/uploads\/2014\/06\/23-24bahar-yaz-1999-592x1024.jpg\" alt=\"23-24,bahar-yaz 1999\" width=\"280\" height=\"484\" srcset=\"https:\/\/pgbsosyalizm.org\/yenicms\/wp-content\/uploads\/2014\/06\/23-24bahar-yaz-1999-592x1024.jpg 592w, https:\/\/pgbsosyalizm.org\/yenicms\/wp-content\/uploads\/2014\/06\/23-24bahar-yaz-1999-86x150.jpg 86w, https:\/\/pgbsosyalizm.org\/yenicms\/wp-content\/uploads\/2014\/06\/23-24bahar-yaz-1999-173x300.jpg 173w, https:\/\/pgbsosyalizm.org\/yenicms\/wp-content\/uploads\/2014\/06\/23-24bahar-yaz-1999-1140x1969.jpg 1140w\" sizes=\"auto, (max-width: 280px) 100vw, 280px\" \/><\/a><p id=\"caption-attachment-756\" class=\"wp-caption-text\"><strong><a href=\"http:\/\/www.pgbsosyalizm.org\/pdf\/sb23-24.pdf\">Dergiyi okumak i\u00e7in t\u0131klay\u0131n<\/a><\/strong>.<\/p><\/div>\n<h3><\/h3>\n<\/td>\n<td>\n<h4><a href=\"https:\/\/pgbsosyalizm.org\/yenicms\/?cat=48\">23-24. Say\u0131<\/a>\u00a0(Bahar\/Yaz 1999)<\/h4>\n<p>&nbsp;<\/p>\n<p><strong>&#8217;99 se\u00e7imleri ve sonu\u00e7lar\u0131<\/strong><br \/>\n&#8211;\u015eadi Ozans\u00fc<br \/>\n<strong>Se\u00e7imler sonras\u0131nda siyasal durum ve g\u00f6revlerimiz<\/strong><br \/>\n&#8211;Salih G\u00fcler<br \/>\n<a href=\"https:\/\/pgbsosyalizm.org\/yenicms\/?p=83\"><strong>K\u00fcrt hareketinde sol liberalizm<\/strong><\/a><br \/>\n&#8211;Can Ilg\u0131n<br \/>\n<strong>&#8220;D\u00fc\u011f\u00fcn ve cenaze&#8221;<\/strong><br \/>\n&#8211;Cenk \u00d6tk\u00fcn\u00e7<br \/>\n<strong>\u0130kinci Kosova Sava\u015f\u0131<\/strong><br \/>\n&#8211;Sugur Savran<br \/>\n<strong>feminizm yaln\u0131zca liberal saflar\u0131n hakk\u0131 m\u0131?<\/strong><br \/>\n&#8211;ay\u015fe d\u00fczkan<br \/>\n<strong>60 y\u0131l sonra B\u00fcy\u00fck Ter\u00f6r<\/strong><br \/>\n&#8211;Kemal \u00dclker<strong><br \/>\n<\/strong><\/td>\n<\/tr>\n<tr>\n<td>&nbsp;<\/p>\n<hr \/>\n<p>&nbsp;<\/td>\n<td><\/td>\n<\/tr>\n<tr>\n<td style=\"text-align: center;\">\n<p><div id=\"attachment_755\" style=\"width: 290px\" class=\"wp-caption alignleft\"><a href=\"https:\/\/pgbsosyalizm.org\/yenicms\/wp-content\/uploads\/2014\/06\/22kis-1998-99.jpg\"><img loading=\"lazy\" decoding=\"async\" aria-describedby=\"caption-attachment-755\" class=\"wp-image-755\" src=\"https:\/\/pgbsosyalizm.org\/yenicms\/wp-content\/uploads\/2014\/06\/22kis-1998-99-699x1024.jpg\" alt=\"22,kis 1998-99\" width=\"280\" height=\"410\" srcset=\"https:\/\/pgbsosyalizm.org\/yenicms\/wp-content\/uploads\/2014\/06\/22kis-1998-99-699x1024.jpg 699w, https:\/\/pgbsosyalizm.org\/yenicms\/wp-content\/uploads\/2014\/06\/22kis-1998-99-102x150.jpg 102w, https:\/\/pgbsosyalizm.org\/yenicms\/wp-content\/uploads\/2014\/06\/22kis-1998-99-205x300.jpg 205w, https:\/\/pgbsosyalizm.org\/yenicms\/wp-content\/uploads\/2014\/06\/22kis-1998-99-1140x1667.jpg 1140w\" sizes=\"auto, (max-width: 280px) 100vw, 280px\" \/><\/a><p id=\"caption-attachment-755\" class=\"wp-caption-text\"><strong><a href=\"http:\/\/www.pgbsosyalizm.org\/pdf\/sb22.pdf\">Dergiyi okumak i\u00e7in t\u0131klay\u0131n<\/a><\/strong>.<\/p><\/div><\/td>\n<td>\n<h4>22. Say\u0131 (K\u0131\u015f 1998\/1999)<\/h4>\n<p>&nbsp;<\/p>\n<p><strong>Komintern&#8217;den IV. Enternasyonal&#8217;e<\/strong><br \/>\n&#8211;Kemal \u00dclker<br \/>\n<strong>\u0130\u015f\u00e7i s\u0131n\u0131f\u0131n\u0131n d\u00fcnya partisi<\/strong><br \/>\n&#8211;\u015eadi Ozans\u00fc<br \/>\n<strong>IV. Enternasyonal&#8217;in 60. y\u0131ld\u00f6n\u00fcm\u00fc<\/strong><br \/>\n&#8211;Sungur Savran<br \/>\n<strong>*Belge: Proleter enternasyonalizmi ve d\u00fcnya partisi<\/strong><br \/>\n<strong>T\u00fcrkiye&#8217;de &#8220;Trotskizmin&#8221; ser\u00fcveni<\/strong><br \/>\n&#8211;A.R\u0131za Tura<br \/>\n<strong>Kapitalizmin uluslararas\u0131 krizi<\/strong><br \/>\n-Cahit \u00d6ncel<br \/>\n<strong>bosna\/kosova tart\u0131\u015fmas\u0131<\/strong><br \/>\n&#8211;ay\u015fe d\u00fczkan<\/p>\n<p>&nbsp;<\/td>\n<\/tr>\n<tr>\n<td>&nbsp;<\/p>\n<hr \/>\n<p>&nbsp;<\/td>\n<td><\/td>\n<\/tr>\n<tr>\n<td><a href=\"https:\/\/pgbsosyalizm.org\/yenicms\/wp-content\/uploads\/2014\/06\/21yaz-1998.jpg\"><img loading=\"lazy\" decoding=\"async\" class=\"alignleft wp-image-754\" src=\"https:\/\/pgbsosyalizm.org\/yenicms\/wp-content\/uploads\/2014\/06\/21yaz-1998-588x1024.jpg\" alt=\"21,yaz 1998\" width=\"280\" height=\"487\" srcset=\"https:\/\/pgbsosyalizm.org\/yenicms\/wp-content\/uploads\/2014\/06\/21yaz-1998-588x1024.jpg 588w, https:\/\/pgbsosyalizm.org\/yenicms\/wp-content\/uploads\/2014\/06\/21yaz-1998-86x150.jpg 86w, https:\/\/pgbsosyalizm.org\/yenicms\/wp-content\/uploads\/2014\/06\/21yaz-1998-172x300.jpg 172w, https:\/\/pgbsosyalizm.org\/yenicms\/wp-content\/uploads\/2014\/06\/21yaz-1998-1140x1982.jpg 1140w\" sizes=\"auto, (max-width: 280px) 100vw, 280px\" \/><\/a><a href=\"http:\/\/www.pgbsosyalizm.org\/pdf\/sb21.pdf\">Dergiyi pdf olarak okumak i\u00e7in t\u0131klay\u0131n.<\/a><\/td>\n<td><a href=\"https:\/\/pgbsosyalizm.org\/yenicms\/?cat=46\">21. Say\u0131<\/a><\/td>\n<\/tr>\n<tr>\n<td><a href=\"https:\/\/pgbsosyalizm.org\/yenicms\/wp-content\/uploads\/2014\/06\/20bahar-1998.jpg\"><img loading=\"lazy\" decoding=\"async\" class=\"alignleft wp-image-753\" src=\"https:\/\/pgbsosyalizm.org\/yenicms\/wp-content\/uploads\/2014\/06\/20bahar-1998-595x1024.jpg\" alt=\"20,bahar 1998\" width=\"280\" height=\"482\" srcset=\"https:\/\/pgbsosyalizm.org\/yenicms\/wp-content\/uploads\/2014\/06\/20bahar-1998-595x1024.jpg 595w, https:\/\/pgbsosyalizm.org\/yenicms\/wp-content\/uploads\/2014\/06\/20bahar-1998-87x150.jpg 87w, https:\/\/pgbsosyalizm.org\/yenicms\/wp-content\/uploads\/2014\/06\/20bahar-1998-174x300.jpg 174w, https:\/\/pgbsosyalizm.org\/yenicms\/wp-content\/uploads\/2014\/06\/20bahar-1998-1140x1960.jpg 1140w\" sizes=\"auto, (max-width: 280px) 100vw, 280px\" \/><\/a><a href=\"http:\/\/www.pgbsosyalizm.org\/pdf\/sb20.pdf\">Dergiyi pdf olarak okumak i\u00e7in t\u0131klay\u0131n.<\/a><\/td>\n<td><a href=\"https:\/\/pgbsosyalizm.org\/yenicms\/?cat=45\">20. Say\u0131<\/a><\/td>\n<\/tr>\n<tr>\n<td><a href=\"https:\/\/pgbsosyalizm.org\/yenicms\/wp-content\/uploads\/2014\/06\/19k\u0131s-1997.jpg\"><img loading=\"lazy\" decoding=\"async\" class=\"alignleft wp-image-752\" src=\"https:\/\/pgbsosyalizm.org\/yenicms\/wp-content\/uploads\/2014\/06\/19k\u0131s-1997-600x1024.jpg\" alt=\"19,k\u0131s 1997\" width=\"280\" height=\"478\" srcset=\"https:\/\/pgbsosyalizm.org\/yenicms\/wp-content\/uploads\/2014\/06\/19k\u0131s-1997-600x1024.jpg 600w, https:\/\/pgbsosyalizm.org\/yenicms\/wp-content\/uploads\/2014\/06\/19k\u0131s-1997-87x150.jpg 87w, https:\/\/pgbsosyalizm.org\/yenicms\/wp-content\/uploads\/2014\/06\/19k\u0131s-1997-175x300.jpg 175w, https:\/\/pgbsosyalizm.org\/yenicms\/wp-content\/uploads\/2014\/06\/19k\u0131s-1997-1140x1944.jpg 1140w\" sizes=\"auto, (max-width: 280px) 100vw, 280px\" \/><\/a><a href=\"http:\/\/www.pgbsosyalizm.org\/pdf\/sb19.pdf\">Dergiyi pdf olarak okumak i\u00e7in t\u0131klay\u0131n.<\/a><\/td>\n<td><a href=\"https:\/\/pgbsosyalizm.org\/yenicms\/?cat=44\">19. Say\u0131<\/a><\/td>\n<\/tr>\n<tr>\n<td><a href=\"https:\/\/pgbsosyalizm.org\/yenicms\/wp-content\/uploads\/2014\/06\/18yaz-1997.jpg\"><img loading=\"lazy\" decoding=\"async\" class=\"alignleft wp-image-751\" src=\"https:\/\/pgbsosyalizm.org\/yenicms\/wp-content\/uploads\/2014\/06\/18yaz-1997-577x1024.jpg\" alt=\"18,yaz 1997\" width=\"280\" height=\"496\" srcset=\"https:\/\/pgbsosyalizm.org\/yenicms\/wp-content\/uploads\/2014\/06\/18yaz-1997-577x1024.jpg 577w, https:\/\/pgbsosyalizm.org\/yenicms\/wp-content\/uploads\/2014\/06\/18yaz-1997-84x150.jpg 84w, https:\/\/pgbsosyalizm.org\/yenicms\/wp-content\/uploads\/2014\/06\/18yaz-1997-169x300.jpg 169w, https:\/\/pgbsosyalizm.org\/yenicms\/wp-content\/uploads\/2014\/06\/18yaz-1997-1140x2021.jpg 1140w\" sizes=\"auto, (max-width: 280px) 100vw, 280px\" \/><\/a><a href=\"http:\/\/www.pgbsosyalizm.org\/pdf\/sb18.pdf\">Dergiyi pdf olarak okumak i\u00e7in t\u0131klay\u0131n.<\/a><\/td>\n<td><a href=\"https:\/\/pgbsosyalizm.org\/yenicms\/?cat=43\">18. Say\u0131<\/a><\/td>\n<\/tr>\n<tr>\n<td><a href=\"https:\/\/pgbsosyalizm.org\/yenicms\/wp-content\/uploads\/2014\/06\/17nisan-1997.jpg\"><img loading=\"lazy\" decoding=\"async\" class=\"alignleft wp-image-750\" src=\"https:\/\/pgbsosyalizm.org\/yenicms\/wp-content\/uploads\/2014\/06\/17nisan-1997-586x1024.jpg\" alt=\"17,nisan 1997\" width=\"280\" height=\"489\" srcset=\"https:\/\/pgbsosyalizm.org\/yenicms\/wp-content\/uploads\/2014\/06\/17nisan-1997-586x1024.jpg 586w, https:\/\/pgbsosyalizm.org\/yenicms\/wp-content\/uploads\/2014\/06\/17nisan-1997-171x300.jpg 171w, https:\/\/pgbsosyalizm.org\/yenicms\/wp-content\/uploads\/2014\/06\/17nisan-1997-1140x1991.jpg 1140w\" sizes=\"auto, (max-width: 280px) 100vw, 280px\" \/><\/a><a href=\"http:\/\/www.pgbsosyalizm.org\/pdf\/sb17.pdf\">Dergiyi pdf olarak okumak i\u00e7in t\u0131klay\u0131n.<\/a><\/td>\n<td><a href=\"https:\/\/pgbsosyalizm.org\/yenicms\/?cat=42\">17. Say\u0131<\/a><\/td>\n<\/tr>\n<tr>\n<td><a href=\"https:\/\/pgbsosyalizm.org\/yenicms\/wp-content\/uploads\/2014\/06\/16kasim-1996.jpg\"><img loading=\"lazy\" decoding=\"async\" class=\"alignleft wp-image-749\" src=\"https:\/\/pgbsosyalizm.org\/yenicms\/wp-content\/uploads\/2014\/06\/16kasim-1996-617x1024.jpg\" alt=\"16,kasim 1996\" width=\"280\" height=\"464\" srcset=\"https:\/\/pgbsosyalizm.org\/yenicms\/wp-content\/uploads\/2014\/06\/16kasim-1996-617x1024.jpg 617w, https:\/\/pgbsosyalizm.org\/yenicms\/wp-content\/uploads\/2014\/06\/16kasim-1996-90x150.jpg 90w, https:\/\/pgbsosyalizm.org\/yenicms\/wp-content\/uploads\/2014\/06\/16kasim-1996-1140x1889.jpg 1140w\" sizes=\"auto, (max-width: 280px) 100vw, 280px\" \/><\/a><a href=\"http:\/\/www.pgbsosyalizm.org\/pdf\/sb16.pdf\">Dergiyi pdf olarak okumak i\u00e7in t\u0131klay\u0131n.<\/a><\/td>\n<td><a href=\"https:\/\/pgbsosyalizm.org\/yenicms\/?cat=41\">16. Say\u0131<\/a><\/td>\n<\/tr>\n<tr>\n<td><a href=\"http:\/\/www.pgbsosyalizm.org\/pdf\/sb15.pdf\">Dergiyi pdf olarak okumak i\u00e7in t\u0131klay\u0131n.<\/a><\/td>\n<td>15. Say\u0131<\/td>\n<\/tr>\n<tr>\n<td><a href=\"http:\/\/www.pgbsosyalizm.org\/pdf\/sb14.pdf\">Dergiyi pdf olarak okumak i\u00e7in t\u0131klay\u0131n.<\/a><\/td>\n<td><a href=\"https:\/\/pgbsosyalizm.org\/yenicms\/?cat=39\">14. Say\u0131<\/a><\/td>\n<\/tr>\n<tr>\n<td><a href=\"https:\/\/pgbsosyalizm.org\/yenicms\/wp-content\/uploads\/2014\/06\/13agt-1993.jpg\"><img loading=\"lazy\" decoding=\"async\" class=\"alignleft wp-image-748\" src=\"https:\/\/pgbsosyalizm.org\/yenicms\/wp-content\/uploads\/2014\/06\/13agt-1993-601x1024.jpg\" alt=\"13,agt 1993\" width=\"280\" height=\"477\" srcset=\"https:\/\/pgbsosyalizm.org\/yenicms\/wp-content\/uploads\/2014\/06\/13agt-1993-601x1024.jpg 601w, https:\/\/pgbsosyalizm.org\/yenicms\/wp-content\/uploads\/2014\/06\/13agt-1993-88x150.jpg 88w, https:\/\/pgbsosyalizm.org\/yenicms\/wp-content\/uploads\/2014\/06\/13agt-1993-176x300.jpg 176w, https:\/\/pgbsosyalizm.org\/yenicms\/wp-content\/uploads\/2014\/06\/13agt-1993-1140x1940.jpg 1140w\" sizes=\"auto, (max-width: 280px) 100vw, 280px\" \/><\/a><a href=\"http:\/\/www.pgbsosyalizm.org\/pdf\/sb13.pdf\">Dergiyi pdf olarak okumak i\u00e7in t\u0131klay\u0131n.<\/a><\/td>\n<td><a href=\"https:\/\/pgbsosyalizm.org\/yenicms\/?cat=38\">13. Say\u0131<\/a><\/td>\n<\/tr>\n<tr>\n<td><a href=\"http:\/\/www.pgbsosyalizm.org\/pdf\/sb12.pdf\">Dergiyi pdf olarak okumak i\u00e7in t\u0131klay\u0131n.<\/a><\/td>\n<td><a href=\"https:\/\/pgbsosyalizm.org\/yenicms\/?cat=37\">12. Say\u0131<\/a><\/td>\n<\/tr>\n<tr>\n<td><a href=\"https:\/\/pgbsosyalizm.org\/yenicms\/wp-content\/uploads\/2014\/06\/11ekim-1992.jpg\"><img loading=\"lazy\" decoding=\"async\" class=\"alignleft wp-image-747\" src=\"https:\/\/pgbsosyalizm.org\/yenicms\/wp-content\/uploads\/2014\/06\/11ekim-1992-621x1024.jpg\" alt=\"11,ekim 1992\" width=\"280\" height=\"461\" srcset=\"https:\/\/pgbsosyalizm.org\/yenicms\/wp-content\/uploads\/2014\/06\/11ekim-1992-621x1024.jpg 621w, https:\/\/pgbsosyalizm.org\/yenicms\/wp-content\/uploads\/2014\/06\/11ekim-1992-91x150.jpg 91w, https:\/\/pgbsosyalizm.org\/yenicms\/wp-content\/uploads\/2014\/06\/11ekim-1992-182x300.jpg 182w, https:\/\/pgbsosyalizm.org\/yenicms\/wp-content\/uploads\/2014\/06\/11ekim-1992-1140x1876.jpg 1140w\" sizes=\"auto, (max-width: 280px) 100vw, 280px\" \/><\/a><a href=\"http:\/\/www.pgbsosyalizm.org\/pdf\/sb11.pdf\">Dergiyi pdf olarak okumak i\u00e7in t\u0131klay\u0131n.<\/a><\/td>\n<td><a href=\"https:\/\/pgbsosyalizm.org\/yenicms\/?cat=36\">11. Say\u0131<\/a><\/td>\n<\/tr>\n<tr>\n<td><a href=\"http:\/\/www.pgbsosyalizm.org\/pdf\/sb09-10.pdf\">Dergiyi pdf olarak okumak i\u00e7in t\u0131klay\u0131n.<\/a><\/td>\n<td><a href=\"https:\/\/pgbsosyalizm.org\/yenicms\/?cat=35\">9-10. Say\u0131<\/a><\/td>\n<\/tr>\n<tr>\n<td><a href=\"http:\/\/www.pgbsosyalizm.org\/pdf\/sb08.pdf\">Dergiyi pdf olarak okumak i\u00e7in t\u0131klay\u0131n.<\/a><\/td>\n<td><a href=\"https:\/\/pgbsosyalizm.org\/yenicms\/?cat=34\">8. Say\u0131<\/a><\/td>\n<\/tr>\n<tr>\n<td><a href=\"https:\/\/pgbsosyalizm.org\/yenicms\/wp-content\/uploads\/2014\/06\/7haziran-1990.jpg\"><img loading=\"lazy\" decoding=\"async\" class=\"alignleft wp-image-746\" src=\"https:\/\/pgbsosyalizm.org\/yenicms\/wp-content\/uploads\/2014\/06\/7haziran-1990-577x1024.jpg\" alt=\"7,haziran 1990\" width=\"280\" height=\"497\" srcset=\"https:\/\/pgbsosyalizm.org\/yenicms\/wp-content\/uploads\/2014\/06\/7haziran-1990-577x1024.jpg 577w, https:\/\/pgbsosyalizm.org\/yenicms\/wp-content\/uploads\/2014\/06\/7haziran-1990-84x150.jpg 84w, https:\/\/pgbsosyalizm.org\/yenicms\/wp-content\/uploads\/2014\/06\/7haziran-1990-169x300.jpg 169w, https:\/\/pgbsosyalizm.org\/yenicms\/wp-content\/uploads\/2014\/06\/7haziran-1990-1140x2022.jpg 1140w, https:\/\/pgbsosyalizm.org\/yenicms\/wp-content\/uploads\/2014\/06\/7haziran-1990.jpg 1998w\" sizes=\"auto, (max-width: 280px) 100vw, 280px\" \/><\/a><a href=\"http:\/\/www.pgbsosyalizm.org\/pdf\/sb07.pdf\">Dergiyi pdf olarak okumak i\u00e7in t\u0131klay\u0131n.<\/a><\/td>\n<td><a href=\"https:\/\/pgbsosyalizm.org\/yenicms\/?cat=33\">7. Say\u0131<\/a><\/td>\n<\/tr>\n<tr>\n<td><a href=\"https:\/\/pgbsosyalizm.org\/yenicms\/wp-content\/uploads\/2014\/06\/6mart-1990.jpg\"><img loading=\"lazy\" decoding=\"async\" class=\"alignleft wp-image-745\" src=\"https:\/\/pgbsosyalizm.org\/yenicms\/wp-content\/uploads\/2014\/06\/6mart-1990-657x1024.jpg\" alt=\"6,mart 1990\" width=\"280\" height=\"436\" srcset=\"https:\/\/pgbsosyalizm.org\/yenicms\/wp-content\/uploads\/2014\/06\/6mart-1990-657x1024.jpg 657w, https:\/\/pgbsosyalizm.org\/yenicms\/wp-content\/uploads\/2014\/06\/6mart-1990-96x150.jpg 96w, https:\/\/pgbsosyalizm.org\/yenicms\/wp-content\/uploads\/2014\/06\/6mart-1990-192x300.jpg 192w, https:\/\/pgbsosyalizm.org\/yenicms\/wp-content\/uploads\/2014\/06\/6mart-1990-1140x1775.jpg 1140w\" sizes=\"auto, (max-width: 280px) 100vw, 280px\" \/><\/a><a href=\"http:\/\/www.pgbsosyalizm.org\/pdf\/sb06.pdf\">Dergiyi pdf olarak okumak i\u00e7in t\u0131klay\u0131n.<\/a><\/td>\n<td><a href=\"https:\/\/pgbsosyalizm.org\/yenicms\/?cat=32\">6. Say\u0131<\/a><\/td>\n<\/tr>\n<tr>\n<td><a href=\"https:\/\/pgbsosyalizm.org\/yenicms\/wp-content\/uploads\/2014\/06\/4-5ekim-1989.jpg\"><img loading=\"lazy\" decoding=\"async\" class=\"alignleft wp-image-744\" src=\"https:\/\/pgbsosyalizm.org\/yenicms\/wp-content\/uploads\/2014\/06\/4-5ekim-1989-625x1024.jpg\" alt=\"4-5,ekim 1989\" width=\"280\" height=\"459\" srcset=\"https:\/\/pgbsosyalizm.org\/yenicms\/wp-content\/uploads\/2014\/06\/4-5ekim-1989-625x1024.jpg 625w, https:\/\/pgbsosyalizm.org\/yenicms\/wp-content\/uploads\/2014\/06\/4-5ekim-1989-91x150.jpg 91w, https:\/\/pgbsosyalizm.org\/yenicms\/wp-content\/uploads\/2014\/06\/4-5ekim-1989-183x300.jpg 183w, https:\/\/pgbsosyalizm.org\/yenicms\/wp-content\/uploads\/2014\/06\/4-5ekim-1989-1140x1867.jpg 1140w\" sizes=\"auto, (max-width: 280px) 100vw, 280px\" \/><\/a><a href=\"http:\/\/www.pgbsosyalizm.org\/pdf\/sb04-05.pdf\">Dergiyi pdf olarak okumak i\u00e7in t\u0131klay\u0131n.<\/a><\/td>\n<td><a href=\"https:\/\/pgbsosyalizm.org\/yenicms\/?cat=31\">4-5. Say\u0131<\/a><\/td>\n<\/tr>\n<tr>\n<td><a href=\"https:\/\/pgbsosyalizm.org\/yenicms\/wp-content\/uploads\/2014\/06\/3aralik-1988.jpg\"><img loading=\"lazy\" decoding=\"async\" class=\"alignleft wp-image-743\" src=\"https:\/\/pgbsosyalizm.org\/yenicms\/wp-content\/uploads\/2014\/06\/3aralik-1988-618x1024.jpg\" alt=\"3,aralik 1988\" width=\"280\" height=\"464\" srcset=\"https:\/\/pgbsosyalizm.org\/yenicms\/wp-content\/uploads\/2014\/06\/3aralik-1988-618x1024.jpg 618w, https:\/\/pgbsosyalizm.org\/yenicms\/wp-content\/uploads\/2014\/06\/3aralik-1988-90x150.jpg 90w, https:\/\/pgbsosyalizm.org\/yenicms\/wp-content\/uploads\/2014\/06\/3aralik-1988-181x300.jpg 181w, https:\/\/pgbsosyalizm.org\/yenicms\/wp-content\/uploads\/2014\/06\/3aralik-1988-1140x1888.jpg 1140w\" sizes=\"auto, (max-width: 280px) 100vw, 280px\" \/><\/a><a href=\"http:\/\/www.pgbsosyalizm.org\/pdf\/sb03.pdf\">Dergiyi pdf olarak okumak i\u00e7in t\u0131klay\u0131n.<\/a><\/td>\n<td><a href=\"https:\/\/pgbsosyalizm.org\/yenicms\/?cat=30\">3. Say\u0131<\/a><\/td>\n<\/tr>\n<tr>\n<td><a href=\"https:\/\/pgbsosyalizm.org\/yenicms\/wp-content\/uploads\/2014\/06\/2ekim-1988.jpg\"><img loading=\"lazy\" decoding=\"async\" class=\"alignleft wp-image-742\" src=\"https:\/\/pgbsosyalizm.org\/yenicms\/wp-content\/uploads\/2014\/06\/2ekim-1988-596x1024.jpg\" alt=\"2,ekim 1988\" width=\"280\" height=\"480\" srcset=\"https:\/\/pgbsosyalizm.org\/yenicms\/wp-content\/uploads\/2014\/06\/2ekim-1988-596x1024.jpg 596w, https:\/\/pgbsosyalizm.org\/yenicms\/wp-content\/uploads\/2014\/06\/2ekim-1988-87x150.jpg 87w, https:\/\/pgbsosyalizm.org\/yenicms\/wp-content\/uploads\/2014\/06\/2ekim-1988-1140x1955.jpg 1140w\" sizes=\"auto, (max-width: 280px) 100vw, 280px\" \/><\/a><a href=\"http:\/\/www.pgbsosyalizm.org\/pdf\/sb02.pdf\">Dergiyi pdf olarak okumak i\u00e7in t\u0131klay\u0131n.<\/a><\/td>\n<td><a href=\"https:\/\/pgbsosyalizm.org\/yenicms\/?cat=29\">2. Say\u0131<\/a><\/td>\n<\/tr>\n<tr>\n<td><a href=\"https:\/\/pgbsosyalizm.org\/yenicms\/wp-content\/uploads\/2014\/06\/1haziran-1988.jpg\"><img loading=\"lazy\" decoding=\"async\" class=\"alignleft wp-image-741\" src=\"https:\/\/pgbsosyalizm.org\/yenicms\/wp-content\/uploads\/2014\/06\/1haziran-1988-668x1024.jpg\" alt=\"1,haziran 1988\" width=\"280\" height=\"429\" srcset=\"https:\/\/pgbsosyalizm.org\/yenicms\/wp-content\/uploads\/2014\/06\/1haziran-1988-668x1024.jpg 668w, https:\/\/pgbsosyalizm.org\/yenicms\/wp-content\/uploads\/2014\/06\/1haziran-1988-97x150.jpg 97w, https:\/\/pgbsosyalizm.org\/yenicms\/wp-content\/uploads\/2014\/06\/1haziran-1988-195x300.jpg 195w, https:\/\/pgbsosyalizm.org\/yenicms\/wp-content\/uploads\/2014\/06\/1haziran-1988-1140x1746.jpg 1140w\" sizes=\"auto, (max-width: 280px) 100vw, 280px\" \/><\/a><a href=\"http:\/\/www.pgbsosyalizm.org\/pdf\/sb01.pdf\">Dergiyi pdf olarak okumak i\u00e7in t\u0131klay\u0131n.<\/a><\/td>\n<td><a href=\"https:\/\/pgbsosyalizm.org\/yenicms\/?cat=28\">1. Say\u0131<\/a><\/td>\n<\/tr>\n<\/tbody>\n<\/table>\n","protected":false},"excerpt":{"rendered":"<p>&nbsp; Ama i\u015f\u00e7iler kendi nihai zaferlerine en b\u00fcy\u00fck katk\u0131y\u0131 kendileri yapmak zorundad\u0131rlar: kendi s\u0131n\u0131f \u00e7\u0131karlar\u0131n\u0131 \u00f6\u011frenmekle, kendi ba\u011f\u0131ms\u0131z politik tav\u0131rlar\u0131n\u0131 hi\u00e7 gecikmeksizin benimsemekle, demokratik k\u00fc\u00e7\u00fck burjuvazinin ikiy\u00fczl\u00fc c\u00fcmlelerine kanmaktan ka\u00e7\u0131narak proletaryan\u0131n ba\u011f\u0131ms\u0131z olarak \u00f6rg\u00fctlenmi\u015f partisinin gereklili\u011finden bir an bile ku\u015fku duymamakla. Sava\u015f naralar\u0131 \u015fu olmal\u0131d\u0131r: S\u00fcrekli devrim! Karl Marx (Mart 1850) &nbsp; &nbsp; &nbsp; 23-24. [&hellip;]<\/p>\n","protected":false},"author":1,"featured_media":0,"parent":0,"menu_order":0,"comment_status":"closed","ping_status":"open","template":"","meta":{"footnotes":""},"class_list":["post-351","page","type-page","status-publish","hentry"],"_links":{"self":[{"href":"https:\/\/pgbsosyalizm.org\/index.php?rest_route=\/wp\/v2\/pages\/351","targetHints":{"allow":["GET"]}}],"collection":[{"href":"https:\/\/pgbsosyalizm.org\/index.php?rest_route=\/wp\/v2\/pages"}],"about":[{"href":"https:\/\/pgbsosyalizm.org\/index.php?rest_route=\/wp\/v2\/types\/page"}],"author":[{"embeddable":true,"href":"https:\/\/pgbsosyalizm.org\/index.php?rest_route=\/wp\/v2\/users\/1"}],"replies":[{"embeddable":true,"href":"https:\/\/pgbsosyalizm.org\/index.php?rest_route=%2Fwp%2Fv2%2Fcomments&post=351"}],"version-history":[{"count":11,"href":"https:\/\/pgbsosyalizm.org\/index.php?rest_route=\/wp\/v2\/pages\/351\/revisions"}],"predecessor-version":[{"id":983,"href":"https:\/\/pgbsosyalizm.org\/index.php?rest_route=\/wp\/v2\/pages\/351\/revisions\/983"}],"wp:attachment":[{"href":"https:\/\/pgbsosyalizm.org\/index.php?rest_route=%2Fwp%2Fv2%2Fmedia&parent=351"}],"curies":[{"name":"wp","href":"https:\/\/api.w.org\/{rel}","templated":true}]}}